{"id":4,"date":"2024-11-25T18:41:49","date_gmt":"2024-11-25T17:41:49","guid":{"rendered":"https:\/\/caritas.no\/rettshjelp\/?page_id=4"},"modified":"2026-03-23T15:48:26","modified_gmt":"2026-03-23T14:48:26","slug":"home","status":"publish","type":"page","link":"https:\/\/caritas.no\/rettshjelp\/","title":{"rendered":"Caritas Rettshjelp"},"content":{"rendered":"\n<h1 class=\"wp-block-heading has-text-align-center\"><div class=\"has-limited-width\">Caritas Rettshjelp<\/div><\/h1>\n\n\n\n<div class=\"wp-block-media-text has-media-on-the-right is-stacked-on-mobile  \"><div class=\"wp-block-media-text__content\">\n<h2 class=\"wp-block-heading\"><div class=\"has-limited-width\">Vi tilbyr gratis veiledning og rettshjelp innenfor ulike omr\u00e5der<\/div><\/h2>\n<\/div><figure class=\"wp-block-media-text__media\"><img loading=\"lazy\" decoding=\"async\" width=\"605\" height=\"386\" src=\"https:\/\/caritas.no\/content\/uploads\/sites\/2\/2025\/03\/Lovsamling.jpg\" alt=\"Tegning av en lovsamling\" class=\"wp-image-35 size-full\" srcset=\"https:\/\/caritas.no\/content\/uploads\/sites\/2\/2025\/03\/Lovsamling.jpg 605w, https:\/\/caritas.no\/content\/uploads\/sites\/2\/2025\/03\/Lovsamling-300x191.jpg 300w\" sizes=\"(max-width: 605px) 100vw, 605px\" \/><\/figure><\/div>\n\n\n\n<h3 class=\"wp-block-heading\"><div class=\"has-limited-width\">Dette inkludert juridisk r\u00e5dgivning og bistand i saker som gjelder arbeidsrett, menneskehandel og andre juridiske sp\u00f8rsm\u00e5l.<\/div><\/h3>\n\n\n\n<h3 class=\"wp-block-heading\"><strong>Menneskehandel og grov utnyttelse i arbeidslivet<\/strong> <\/h3>\n\n\n\n<p>Vi har s\u00e6rlig kompetanse i saker om menneskehandel ved tvangsarbeid, og kan tilby mulige ofre tett oppf\u00f8lgning og veiledning om rettigheter. <\/p>\n\n\n\n<p>Vi bist\u00e5r ogs\u00e5 i arbeidstakere som er utsatt for ulike former for utnyttelse p\u00e5 arbeidsplassen, for eksempel l\u00f8nnstyveri, trusler, brudd p\u00e5 arbeidsmilj\u00f8loven og allmenngj\u00f8ringsloven. Vi jobber for \u00e5 avdekke og stoppe slike former for misbruk.<\/p>\n\n\n\n<h3 class=\"wp-block-heading\"><strong>Andre juridiske saker<\/strong><\/h3>\n\n\n\n<p>Vi gir juridisk r\u00e5dgiving og kan gi bistand i saker innenfor f\u00f8lgende omr\u00e5der:<br><br>&#8211; Pengekrav og konkursrett, for eksempel hjelp til \u00e5 begj\u00e6re utlegg hos namsfogden.<br>&#8211; Utlendingsrett, for eksempel avslag fra UDI.<br>&#8211; Husleierett, for eksempel ulovlig depositum ved leie av bolig.<br>&#8211; Trygde- og sosialrett, for eksempel avslag fra NAV.<\/p>\n\n\n\n<h3 class=\"wp-block-heading\"><strong>Hvor kan du f\u00e5 hjelp?<\/strong><\/h3>\n\n\n\n<p>Hvis du har en juridisk henvendelse, kan du bes\u00f8ke <a href=\"https:\/\/caritas.no\/ressurssentre\/\">v\u00e5re <strong>ressurssentre i Norge<\/strong><\/a> for veiledning. <br><br>Vi hjelper f\u00f8rst og fremst personer som oppholder seg i Norge. Vi prioriterer \u00e5 hjelpe personer med lav inntekt og formue, og som ikke f\u00e5r juridisk bistand gjennom andre ordninger.<\/p>\n\n\n\n<h2 class=\"wp-block-heading\"><strong>Viktig informasjon for arbeidstakere i Norge<\/strong><\/h2>\n\n\n\n<div class=\"wp-block-columns is-layout-flex wp-container-core-columns-layout-1 wp-block-columns-is-layout-flex\">\n<div class=\"wp-block-column is-layout-flow wp-block-column-is-layout-flow\">\n<h3 class=\"wp-block-heading has-text-align-left\"><strong>Oppholdstillatelse og registrering<\/strong><\/h3>\n\n\n\n<ul class=\"wp-block-list\">\n<li>Arbeidstakere fra EU E\u00d8S land<\/li>\n\n\n\n<li>Arbeidstakere fra land utenfor EU E\u00d8S<\/li>\n<\/ul>\n\n\n\n<div class=\"wp-block-buttons is-layout-flex wp-block-buttons-is-layout-flex\">\n<div class=\"wp-block-button\"><a class=\"wp-block-button__link wp-element-button\" href=\"https:\/\/caritas.no\/rettshjelp\/oppholdstillatelse-og-registrering\/\">Les mer<\/a><\/div>\n<\/div>\n<\/div>\n\n\n\n<div class=\"wp-block-column is-layout-flow wp-block-column-is-layout-flow\">\n<h3 class=\"wp-block-heading\"><strong>Skatt, skattekort og skattemelding <\/strong><\/h3>\n\n\n\n<ul class=\"wp-block-list\">\n<li>Skatt<\/li>\n\n\n\n<li>Skattekort<\/li>\n\n\n\n<li>Skattemelding<\/li>\n<\/ul>\n\n\n\n<div class=\"wp-block-buttons is-layout-flex wp-block-buttons-is-layout-flex\">\n<div class=\"wp-block-button\"><a class=\"wp-block-button__link wp-element-button\" href=\"https:\/\/caritas.no\/rettshjelp\/skatt-skattekort-og-skattemelding\/\">Les mer<\/a><\/div>\n<\/div>\n<\/div>\n\n\n\n<div class=\"wp-block-column is-layout-flow wp-block-column-is-layout-flow\">\n<h3 class=\"wp-block-heading\"><strong>Arbeiderettigheter <\/strong><\/h3>\n\n\n\n<ul class=\"wp-block-list\">\n<li>L\u00f8nn<\/li>\n\n\n\n<li>Arbeidstid<\/li>\n\n\n\n<li>Kontrakter og avtaler<\/li>\n\n\n\n<li>Arbeidsmilj\u00f8<\/li>\n<\/ul>\n\n\n\n<div class=\"wp-block-buttons is-layout-flex wp-block-buttons-is-layout-flex\">\n<div class=\"wp-block-button\"><a class=\"wp-block-button__link wp-element-button\" href=\"https:\/\/caritas.no\/rettshjelp\/arbeiderettigheter\/\">Les mer<\/a><\/div>\n<\/div>\n<\/div>\n<\/div>\n\n\n\n<h2 class=\"wp-block-heading\"><strong>Caritas rettshjelpteam <\/strong><\/h2>\n\n\n\n<div class=\"wp-block-columns is-layout-flex wp-container-core-columns-layout-2 wp-block-columns-is-layout-flex\">\n<div class=\"wp-block-column is-layout-flow wp-block-column-is-layout-flow\">\n<h3 class=\"wp-block-heading\"><strong>Sazgar Amini<\/strong><\/h3>\n\n\n\n<p>Jurist<\/p>\n<\/div>\n\n\n\n<div class=\"wp-block-column is-layout-flow wp-block-column-is-layout-flow\">\n<h3 class=\"wp-block-heading\"><strong>Lejla M. Valsgaard<\/strong><\/h3>\n\n\n\n<p>Advokat og fagansvarlig<\/p>\n<\/div>\n\n\n\n<div class=\"wp-block-column is-layout-flow wp-block-column-is-layout-flow\">\n<h3 class=\"wp-block-heading\"><strong>Martin Ramsdal<\/strong><\/h3>\n\n\n\n<p>Jurist<\/p>\n<\/div>\n\n\n\n<div class=\"wp-block-column is-layout-flow wp-block-column-is-layout-flow\">\n<h3 class=\"wp-block-heading\"><strong>Maria R. Hindahl<\/strong><\/h3>\n\n\n\n<p>Advokatfullmektig<\/p>\n<\/div>\n<\/div>\n\n\n<figure class=\"wp-block-post-featured-image\"><img loading=\"lazy\" decoding=\"async\" width=\"960\" height=\"586\" src=\"https:\/\/caritas.no\/content\/uploads\/sites\/2\/2026\/01\/Rettshjelpteamet-2026-01.jpg\" class=\"attachment-post-thumbnail size-post-thumbnail wp-post-image\" alt=\"Rettshjelpsteamet til Caritas Norge\" style=\"object-fit:cover;\" srcset=\"https:\/\/caritas.no\/content\/uploads\/sites\/2\/2026\/01\/Rettshjelpteamet-2026-01.jpg 960w, https:\/\/caritas.no\/content\/uploads\/sites\/2\/2026\/01\/Rettshjelpteamet-2026-01-300x183.jpg 300w, https:\/\/caritas.no\/content\/uploads\/sites\/2\/2026\/01\/Rettshjelpteamet-2026-01-768x469.jpg 768w\" sizes=\"(max-width: 960px) 100vw, 960px\" \/><\/figure>\n\n\n<hr class=\"wp-block-separator has-alpha-channel-opacity\"\/>\n\n\n\n<h2 class=\"wp-block-heading\"><strong>Videoer med nyttig informasjon<\/strong><\/h2>\n\n\n\n<div class=\"wp-block-columns is-layout-flex wp-container-core-columns-layout-3 wp-block-columns-is-layout-flex\">\n<div class=\"wp-block-column is-layout-flow wp-block-column-is-layout-flow\">\n<p><strong>Om menneskehandel<\/strong><br>En oversikt over hva menneskehandel er<\/p>\n\n\n\n<figure class=\"wp-block-embed is-type-video is-provider-youtube wp-block-embed-youtube wp-embed-aspect-16-9 wp-has-aspect-ratio\"><div class=\"wp-block-embed__wrapper\">\n<iframe loading=\"lazy\" title=\"Hva er menneskehandel\" width=\"500\" height=\"281\" src=\"https:\/\/www.youtube.com\/embed\/T_97x0UbAJE?feature=oembed\" frameborder=\"0\" allow=\"accelerometer; autoplay; clipboard-write; encrypted-media; gyroscope; picture-in-picture; web-share\" referrerpolicy=\"strict-origin-when-cross-origin\" allowfullscreen><\/iframe>\n<\/div><\/figure>\n<\/div>\n\n\n\n<div class=\"wp-block-column is-layout-flow wp-block-column-is-layout-flow\">\n<p><strong>Om menneskehandel<\/strong><br>Bekymret for at noen er et offer for menneskehandel ?<\/p>\n\n\n\n<figure class=\"wp-block-embed is-type-video is-provider-youtube wp-block-embed-youtube wp-embed-aspect-16-9 wp-has-aspect-ratio\"><div class=\"wp-block-embed__wrapper\">\n<iframe loading=\"lazy\" title=\"Om Menneskehandel. Er du bekymret for noen?\" width=\"500\" height=\"281\" src=\"https:\/\/www.youtube.com\/embed\/CcTnTJkwRkA?feature=oembed\" frameborder=\"0\" allow=\"accelerometer; autoplay; clipboard-write; encrypted-media; gyroscope; picture-in-picture; web-share\" referrerpolicy=\"strict-origin-when-cross-origin\" allowfullscreen><\/iframe>\n<\/div><\/figure>\n<\/div>\n<\/div>\n\n\n\n<div class=\"wp-block-columns is-layout-flex wp-container-core-columns-layout-4 wp-block-columns-is-layout-flex\">\n<div class=\"wp-block-column is-layout-flow wp-block-column-is-layout-flow\">\n<p><strong>Om menneskehandel<\/strong><br>En oversikt over ofrenes rettigheter<\/p>\n\n\n\n<figure class=\"wp-block-embed is-type-video is-provider-youtube wp-block-embed-youtube wp-embed-aspect-16-9 wp-has-aspect-ratio\"><div class=\"wp-block-embed__wrapper\">\n<iframe loading=\"lazy\" title=\"Om Menneskehandel. Rettigheter for ofre\" width=\"500\" height=\"281\" src=\"https:\/\/www.youtube.com\/embed\/lJSu5niEcLI?start=2&#038;feature=oembed\" frameborder=\"0\" allow=\"accelerometer; autoplay; clipboard-write; encrypted-media; gyroscope; picture-in-picture; web-share\" referrerpolicy=\"strict-origin-when-cross-origin\" allowfullscreen><\/iframe>\n<\/div><\/figure>\n<\/div>\n\n\n\n<div class=\"wp-block-column is-layout-flow wp-block-column-is-layout-flow\">\n<p><strong>Om arbeiderettigheter <\/strong><br>En oversikt over rettigheter og plikter som arbeidstaker <\/p>\n\n\n\n<figure class=\"wp-block-embed is-type-video is-provider-youtube wp-block-embed-youtube wp-embed-aspect-16-9 wp-has-aspect-ratio\"><div class=\"wp-block-embed__wrapper\">\n<iframe loading=\"lazy\" title=\"Arbeidsrett   - rettigheter og plikter i arbeidsforholdet\" width=\"500\" height=\"281\" src=\"https:\/\/www.youtube.com\/embed\/aKVmT88TeeA?feature=oembed\" frameborder=\"0\" allow=\"accelerometer; autoplay; clipboard-write; encrypted-media; gyroscope; picture-in-picture; web-share\" referrerpolicy=\"strict-origin-when-cross-origin\" allowfullscreen><\/iframe>\n<\/div><\/figure>\n<\/div>\n<\/div>\n\n\n\n<h2 class=\"wp-block-heading\"><strong>Aktuelt<\/strong><\/h2>\n\n\n\n<div class=\"wp-block-columns is-layout-flex wp-container-core-columns-layout-5 wp-block-columns-is-layout-flex\">\n<div class=\"wp-block-column is-layout-flow wp-block-column-is-layout-flow\">\n<h3 class=\"wp-block-heading\"><strong>Flere m\u00e5 straffes for l\u00f8nnstyveri <\/strong><\/h3>\n\n\n\n<p>Det er uforst\u00e5elig og sm\u00e5lig at regjeringen vil kutte i rettshjelpstilbudet i en historisk dyrtid, som i seg selv gir folk \u00f8kt behov for juridisk hjelp, skriver Helena Aanstad. <\/p>\n\n\n\n<div class=\"wp-block-buttons is-layout-flex wp-block-buttons-is-layout-flex\">\n<div class=\"wp-block-button\"><a class=\"wp-block-button__link wp-element-button\" href=\"https:\/\/frifagbevegelse.no\/debatt\/flere-ma-straffes-for-lonnstyveri-6.490.1007910.ab96b737b5\" target=\"_blank\" rel=\"noreferrer noopener\">Les mer<\/a><\/div>\n<\/div>\n<\/div>\n\n\n\n<div class=\"wp-block-column is-layout-flow wp-block-column-is-layout-flow\">\n<h3 class=\"wp-block-heading\"><strong>L\u00f8nnstyveri m\u00e5 bekjempes<\/strong><\/h3>\n\n\n\n<p>Vi applauderer opposisjonens innsats for \u00e5 styrke rettighetene til de som rammes av l\u00f8nnstyveri, skriver Lejla Maloku Valsgaard.<\/p>\n\n\n\n<div class=\"wp-block-buttons is-layout-flex wp-block-buttons-is-layout-flex\">\n<div class=\"wp-block-button\"><a class=\"wp-block-button__link wp-element-button\" href=\"https:\/\/frifagbevegelse.no\/debatt\/lonnstyveri-ma-bekjempes-6.490.1058482.9986055165\" target=\"_blank\" rel=\"noreferrer noopener\">Les mer<\/a><\/div>\n<\/div>\n<\/div>\n<\/div>\n\n\n\n<h2 class=\"wp-block-heading\"><strong>Caritas Norge<\/strong> er medlem av <strong>COATNET<\/strong><br>Christian Organisations Against Trafficking in Human Beings Network<\/h2>\n\n\n\n<ul class=\"wp-block-list\">\n<li><a href=\"http:\/\/caritas.dev07.dekodes.no\/content\/uploads\/sites\/2\/2025\/02\/COATNET-December-2024-1.pdf\" target=\"_blank\" rel=\"noreferrer noopener\">COATNET newsletter &#8211; December 2024<\/a><\/li>\n<\/ul>\n\n\n\n<figure class=\"wp-block-embed is-type-video is-provider-youtube wp-block-embed-youtube wp-embed-aspect-16-9 wp-has-aspect-ratio\"><div class=\"wp-block-embed__wrapper\">\n<iframe loading=\"lazy\" title=\"COATNET - International Day of Prayer and Awareness Against Human Trafficking\" width=\"500\" height=\"281\" src=\"https:\/\/www.youtube.com\/embed\/MD4MRDLEcwg?feature=oembed\" frameborder=\"0\" allow=\"accelerometer; autoplay; clipboard-write; encrypted-media; gyroscope; picture-in-picture; web-share\" referrerpolicy=\"strict-origin-when-cross-origin\" allowfullscreen><\/iframe>\n<\/div><\/figure>\n","protected":false},"excerpt":{"rendered":"<p>Caritas Rettshjelp Vi tilbyr gratis veiledning og rettshjelp innenfor ulike omr\u00e5der Dette inkludert juridisk r\u00e5dgivning og bistand i saker som [&hellip;]<\/p>\n","protected":false},"author":1,"featured_media":89,"parent":0,"menu_order":0,"comment_status":"closed","ping_status":"closed","template":"","meta":{"footnotes":""},"yoast_head":"<!-- This site is optimized with the Yoast SEO plugin v22.9 - https:\/\/yoast.com\/wordpress\/plugins\/seo\/ -->\n<title>Caritas Rettshjelp - Caritas Rettshjelp<\/title>\n<meta name=\"robots\" content=\"index, follow, max-snippet:-1, max-image-preview:large, max-video-preview:-1\" \/>\n<link rel=\"canonical\" href=\"https:\/\/caritas.no\/rettshjelp\/\" \/>\n<meta property=\"og:locale\" content=\"nb_NO\" \/>\n<meta property=\"og:type\" content=\"article\" \/>\n<meta property=\"og:title\" content=\"Caritas Rettshjelp - Caritas Rettshjelp\" \/>\n<meta property=\"og:description\" content=\"Caritas Rettshjelp Vi tilbyr gratis veiledning og rettshjelp innenfor ulike omr\u00e5der Dette inkludert juridisk r\u00e5dgivning og bistand i saker som [&hellip;]\" \/>\n<meta property=\"og:url\" content=\"https:\/\/caritas.no\/rettshjelp\/\" \/>\n<meta property=\"og:site_name\" content=\"Caritas Rettshjelp\" \/>\n<meta property=\"article:modified_time\" content=\"2026-03-23T14:48:26+00:00\" \/>\n<meta property=\"og:image\" content=\"https:\/\/caritas.no\/content\/uploads\/sites\/2\/2026\/01\/Rettshjelpteamet-2026-01.jpg\" \/>\n\t<meta property=\"og:image:width\" content=\"960\" \/>\n\t<meta property=\"og:image:height\" content=\"586\" \/>\n\t<meta property=\"og:image:type\" content=\"image\/jpeg\" \/>\n<meta name=\"twitter:card\" content=\"summary_large_image\" \/>\n<meta name=\"twitter:label1\" content=\"Ansl. lesetid\" \/>\n\t<meta name=\"twitter:data1\" content=\"3 minutter\" \/>\n<script type=\"application\/ld+json\" class=\"yoast-schema-graph\">{\"@context\":\"https:\/\/schema.org\",\"@graph\":[{\"@type\":\"WebPage\",\"@id\":\"https:\/\/caritas.no\/rettshjelp\/\",\"url\":\"https:\/\/caritas.no\/rettshjelp\/\",\"name\":\"Caritas Rettshjelp - Caritas Rettshjelp\",\"isPartOf\":{\"@id\":\"https:\/\/caritas.no\/rettshjelp\/#website\"},\"primaryImageOfPage\":{\"@id\":\"https:\/\/caritas.no\/rettshjelp\/#primaryimage\"},\"image\":{\"@id\":\"https:\/\/caritas.no\/rettshjelp\/#primaryimage\"},\"thumbnailUrl\":\"https:\/\/caritas.no\/content\/uploads\/sites\/2\/2026\/01\/Rettshjelpteamet-2026-01.jpg\",\"datePublished\":\"2024-11-25T17:41:49+00:00\",\"dateModified\":\"2026-03-23T14:48:26+00:00\",\"breadcrumb\":{\"@id\":\"https:\/\/caritas.no\/rettshjelp\/#breadcrumb\"},\"inLanguage\":\"nb-NO\",\"potentialAction\":[{\"@type\":\"ReadAction\",\"target\":[\"https:\/\/caritas.no\/rettshjelp\/\"]}]},{\"@type\":\"ImageObject\",\"inLanguage\":\"nb-NO\",\"@id\":\"https:\/\/caritas.no\/rettshjelp\/#primaryimage\",\"url\":\"https:\/\/caritas.no\/content\/uploads\/sites\/2\/2026\/01\/Rettshjelpteamet-2026-01.jpg\",\"contentUrl\":\"https:\/\/caritas.no\/content\/uploads\/sites\/2\/2026\/01\/Rettshjelpteamet-2026-01.jpg\",\"width\":960,\"height\":586,\"caption\":\"Rettshjelpsteamet til Caritas Norge. (Foto: Caritas Norge)\"},{\"@type\":\"BreadcrumbList\",\"@id\":\"https:\/\/caritas.no\/rettshjelp\/#breadcrumb\",\"itemListElement\":[{\"@type\":\"ListItem\",\"position\":1,\"name\":\"Hjem\",\"item\":\"https:\/\/caritas.no\/rettshjelp\/\"},{\"@type\":\"ListItem\",\"position\":2,\"name\":\"Caritas Rettshjelp\"}]},{\"@type\":\"WebSite\",\"@id\":\"https:\/\/caritas.no\/rettshjelp\/#website\",\"url\":\"https:\/\/caritas.no\/rettshjelp\/\",\"name\":\"Caritas Rettshjelp\",\"description\":\"Vi er en humanit\u00e6r organisasjon som arbeider for \u00e5 bedre hverdagen til mennesker i Norge, samt land i Europa, Afrika, Asia og Latin-Amerika.\",\"potentialAction\":[{\"@type\":\"SearchAction\",\"target\":{\"@type\":\"EntryPoint\",\"urlTemplate\":\"https:\/\/caritas.no\/rettshjelp\/?s={search_term_string}\"},\"query-input\":\"required name=search_term_string\"}],\"inLanguage\":\"nb-NO\"}]}<\/script>\n<!-- \/ Yoast SEO plugin. -->","yoast_head_json":{"title":"Caritas Rettshjelp - Caritas Rettshjelp","robots":{"index":"index","follow":"follow","max-snippet":"max-snippet:-1","max-image-preview":"max-image-preview:large","max-video-preview":"max-video-preview:-1"},"canonical":"https:\/\/caritas.no\/rettshjelp\/","og_locale":"nb_NO","og_type":"article","og_title":"Caritas Rettshjelp - Caritas Rettshjelp","og_description":"Caritas Rettshjelp Vi tilbyr gratis veiledning og rettshjelp innenfor ulike omr\u00e5der Dette inkludert juridisk r\u00e5dgivning og bistand i saker som [&hellip;]","og_url":"https:\/\/caritas.no\/rettshjelp\/","og_site_name":"Caritas Rettshjelp","article_modified_time":"2026-03-23T14:48:26+00:00","og_image":[{"width":960,"height":586,"url":"https:\/\/caritas.no\/content\/uploads\/sites\/2\/2026\/01\/Rettshjelpteamet-2026-01.jpg","type":"image\/jpeg"}],"twitter_card":"summary_large_image","twitter_misc":{"Ansl. lesetid":"3 minutter"},"schema":{"@context":"https:\/\/schema.org","@graph":[{"@type":"WebPage","@id":"https:\/\/caritas.no\/rettshjelp\/","url":"https:\/\/caritas.no\/rettshjelp\/","name":"Caritas Rettshjelp - Caritas Rettshjelp","isPartOf":{"@id":"https:\/\/caritas.no\/rettshjelp\/#website"},"primaryImageOfPage":{"@id":"https:\/\/caritas.no\/rettshjelp\/#primaryimage"},"image":{"@id":"https:\/\/caritas.no\/rettshjelp\/#primaryimage"},"thumbnailUrl":"https:\/\/caritas.no\/content\/uploads\/sites\/2\/2026\/01\/Rettshjelpteamet-2026-01.jpg","datePublished":"2024-11-25T17:41:49+00:00","dateModified":"2026-03-23T14:48:26+00:00","breadcrumb":{"@id":"https:\/\/caritas.no\/rettshjelp\/#breadcrumb"},"inLanguage":"nb-NO","potentialAction":[{"@type":"ReadAction","target":["https:\/\/caritas.no\/rettshjelp\/"]}]},{"@type":"ImageObject","inLanguage":"nb-NO","@id":"https:\/\/caritas.no\/rettshjelp\/#primaryimage","url":"https:\/\/caritas.no\/content\/uploads\/sites\/2\/2026\/01\/Rettshjelpteamet-2026-01.jpg","contentUrl":"https:\/\/caritas.no\/content\/uploads\/sites\/2\/2026\/01\/Rettshjelpteamet-2026-01.jpg","width":960,"height":586,"caption":"Rettshjelpsteamet til Caritas Norge. (Foto: Caritas Norge)"},{"@type":"BreadcrumbList","@id":"https:\/\/caritas.no\/rettshjelp\/#breadcrumb","itemListElement":[{"@type":"ListItem","position":1,"name":"Hjem","item":"https:\/\/caritas.no\/rettshjelp\/"},{"@type":"ListItem","position":2,"name":"Caritas Rettshjelp"}]},{"@type":"WebSite","@id":"https:\/\/caritas.no\/rettshjelp\/#website","url":"https:\/\/caritas.no\/rettshjelp\/","name":"Caritas Rettshjelp","description":"Vi er en humanit\u00e6r organisasjon som arbeider for \u00e5 bedre hverdagen til mennesker i Norge, samt land i Europa, Afrika, Asia og Latin-Amerika.","potentialAction":[{"@type":"SearchAction","target":{"@type":"EntryPoint","urlTemplate":"https:\/\/caritas.no\/rettshjelp\/?s={search_term_string}"},"query-input":"required name=search_term_string"}],"inLanguage":"nb-NO"}]}},"_links":{"self":[{"href":"https:\/\/caritas.no\/rettshjelp\/wp-json\/wp\/v2\/pages\/4"}],"collection":[{"href":"https:\/\/caritas.no\/rettshjelp\/wp-json\/wp\/v2\/pages"}],"about":[{"href":"https:\/\/caritas.no\/rettshjelp\/wp-json\/wp\/v2\/types\/page"}],"author":[{"embeddable":true,"href":"https:\/\/caritas.no\/rettshjelp\/wp-json\/wp\/v2\/users\/1"}],"replies":[{"embeddable":true,"href":"https:\/\/caritas.no\/rettshjelp\/wp-json\/wp\/v2\/comments?post=4"}],"version-history":[{"count":5,"href":"https:\/\/caritas.no\/rettshjelp\/wp-json\/wp\/v2\/pages\/4\/revisions"}],"predecessor-version":[{"id":94,"href":"https:\/\/caritas.no\/rettshjelp\/wp-json\/wp\/v2\/pages\/4\/revisions\/94"}],"wp:featuredmedia":[{"embeddable":true,"href":"https:\/\/caritas.no\/rettshjelp\/wp-json\/wp\/v2\/media\/89"}],"wp:attachment":[{"href":"https:\/\/caritas.no\/rettshjelp\/wp-json\/wp\/v2\/media?parent=4"}],"curies":[{"name":"wp","href":"https:\/\/api.w.org\/{rel}","templated":true}]}}