{"id":24,"date":"2025-02-21T09:47:49","date_gmt":"2025-02-21T08:47:49","guid":{"rendered":"https:\/\/caritas.no\/ny-rettshjelp\/?page_id=24"},"modified":"2025-03-06T14:46:43","modified_gmt":"2025-03-06T13:46:43","slug":"skatt-skattekort-og-skattemelding","status":"publish","type":"page","link":"https:\/\/caritas.no\/rettshjelp\/skatt-skattekort-og-skattemelding\/","title":{"rendered":"Skatt, skattekort og skattemelding"},"content":{"rendered":"\n<h2 class=\"wp-block-heading has-text-align-center\"><strong>Skatt, skattekort og skattemelding <\/strong><\/h2>\n\n\n\n<div class=\"wp-block-media-text is-stacked-on-mobile  \"><figure class=\"wp-block-media-text__media\"><img loading=\"lazy\" decoding=\"async\" width=\"1024\" height=\"768\" src=\"https:\/\/caritas.no\/content\/uploads\/sites\/2\/2025\/03\/Bilder-til-nett-2-1024x768.png\" alt=\"Illustrasjonsfoto: Beregning av skatt\" class=\"wp-image-42 size-full\" srcset=\"https:\/\/caritas.no\/content\/uploads\/sites\/2\/2025\/03\/Bilder-til-nett-2-1024x768.png 1024w, https:\/\/caritas.no\/content\/uploads\/sites\/2\/2025\/03\/Bilder-til-nett-2-300x225.png 300w, https:\/\/caritas.no\/content\/uploads\/sites\/2\/2025\/03\/Bilder-til-nett-2-768x576.png 768w, https:\/\/caritas.no\/content\/uploads\/sites\/2\/2025\/03\/Bilder-til-nett-2.png 1200w\" sizes=\"(max-width: 1024px) 100vw, 1024px\" \/><\/figure><div class=\"wp-block-media-text__content\">\n<h2 class=\"wp-block-heading\"><div class=\"has-limited-width\">Her finner du nyttig informasjon om skattemelding og skatteoppgj\u00f8r<\/div><\/h2>\n<\/div><\/div>\n\n\n\n<h3 class=\"wp-block-heading\"><strong>Ordin\u00e6r skatt<\/strong><\/h3>\n\n\n\n<p>Ordin\u00e6r skatt i Norge blir beregnet etter en skatteprosent som varierer ut fra hvor mye du tjener i l\u00f8pet av et \u00e5r. Du f\u00e5r en skattemelding i mars eller april hvert \u00e5r. Skattemeldingen skal vise hva du eide og tjente i Norge og i utlandet i fjor. Du m\u00e5 sjekke at tallene i skattemeldingen stemmer. <br><br>Hvis noe i skattemeldingen er feil eller mangler, m\u00e5 du du gj\u00f8re endringer og levere den. Fristen for \u00e5 levere skattemeldingen er 30. april.<br><br>Etter at Skatteetaten har behandlet skattemeldingen din, f\u00e5r du et skatteoppgj\u00f8r. Dette viser om du har betalt for mye eller for lite skatt. Hvis du har betalt for lite skatt, m\u00e5 du betale det du skylder. Hvis du har betalt for mye skatt, f\u00e5r du penger tilbake. <br><br>De fleste f\u00e5r skatteoppgj\u00f8ret i l\u00f8pet av juni, men noen f\u00e5r det f\u00f8rst mellom august og november. <br>Skatteetaten kan ikke gi deg en dato for n\u00e5r du f\u00e5r skatteoppgj\u00f8ret ditt. Hvis du har elektronisk ID, f\u00e5r du en SMS eller e-post n\u00e5r skatteoppgj\u00f8ret er klart. Hvis du ikke har elektronisk ID, f\u00e5r du skatteoppgj\u00f8ret i posten.<\/p>\n\n\n\n<h3 class=\"wp-block-heading\"><strong>Kildeskatt p\u00e5 l\u00f8nn<\/strong><\/h3>\n\n\n\n<p>De fleste utenlandske arbeidstakere som er nye i Norge, blir automatisk med i en frivillig skatteordning som heter kildeskatt p\u00e5 l\u00f8nn n\u00e5r de s\u00f8ker om skattekort. I denne skatteordningen betaler du en fast prosent skatt, som arbeidsgiveren din trekker av l\u00f8nnen din.&nbsp;Du f\u00e5r ikke en skattemelding eller et skatteoppgj\u00f8r.&nbsp;<\/p>\n\n\n\n<p>Sommeren \u00e5ret etter du har jobbet f\u00e5r du en skattekvittering som viser hvor mye l\u00f8nn og skatt arbeidsgiveren din har rapportert til Skatteetaten.<\/p>\n\n\n\n<p>Hvis du ikke vil v\u00e6re med i kildeskatt p\u00e5 l\u00f8nnsordningen, kan du velge deg ut av ordningen og betale skatt etter ordin\u00e6re regler.<\/p>\n\n\n\n<h3 class=\"wp-block-heading\"><strong>Informasjonsfilmer<\/strong><\/h3>\n\n\n\n<h4 class=\"wp-block-heading\">P\u00e5 <strong><a href=\"https:\/\/www.skatteetaten.no\/person\/utenlandsk\/skal-du-arbeide-i-norge\/film_no\/film_no1\/\" target=\"_blank\" rel=\"noreferrer noopener\">Skatteetatens nettside<\/a><\/strong> finner du informasjonsfilmer p\u00e5 flere spr\u00e5k om skattemeldingen, skatteoppgj\u00f8ret og den frivillige skatteordningen kildeskatt p\u00e5 l\u00f8nn. <\/h4>\n","protected":false},"excerpt":{"rendered":"<p>Skatt, skattekort og skattemelding Her finner du nyttig informasjon om skattemelding og skatteoppgj\u00f8r Ordin\u00e6r skatt Ordin\u00e6r skatt i Norge blir [&hellip;]<\/p>\n","protected":false},"author":1,"featured_media":0,"parent":0,"menu_order":0,"comment_status":"closed","ping_status":"closed","template":"","meta":{"footnotes":""},"yoast_head":"<!-- This site is optimized with the Yoast SEO plugin v22.9 - https:\/\/yoast.com\/wordpress\/plugins\/seo\/ -->\n<title>Skatt, skattekort og skattemelding - Caritas Rettshjelp<\/title>\n<meta name=\"robots\" content=\"index, follow, max-snippet:-1, max-image-preview:large, max-video-preview:-1\" \/>\n<link rel=\"canonical\" href=\"https:\/\/caritas.no\/rettshjelp\/skatt-skattekort-og-skattemelding\/\" \/>\n<meta property=\"og:locale\" content=\"nb_NO\" \/>\n<meta property=\"og:type\" content=\"article\" \/>\n<meta property=\"og:title\" content=\"Skatt, skattekort og skattemelding - Caritas Rettshjelp\" \/>\n<meta property=\"og:description\" content=\"Skatt, skattekort og skattemelding Her finner du nyttig informasjon om skattemelding og skatteoppgj\u00f8r Ordin\u00e6r skatt Ordin\u00e6r skatt i Norge blir [&hellip;]\" \/>\n<meta property=\"og:url\" content=\"https:\/\/caritas.no\/rettshjelp\/skatt-skattekort-og-skattemelding\/\" \/>\n<meta property=\"og:site_name\" content=\"Caritas Rettshjelp\" \/>\n<meta property=\"article:modified_time\" content=\"2025-03-06T13:46:43+00:00\" \/>\n<meta property=\"og:image\" content=\"https:\/\/caritas.no\/content\/uploads\/sites\/2\/2025\/03\/Bilder-til-nett-2-1024x768.png\" \/>\n<meta name=\"twitter:card\" content=\"summary_large_image\" \/>\n<meta name=\"twitter:label1\" content=\"Ansl. lesetid\" \/>\n\t<meta name=\"twitter:data1\" content=\"2 minutter\" \/>\n<script type=\"application\/ld+json\" class=\"yoast-schema-graph\">{\"@context\":\"https:\/\/schema.org\",\"@graph\":[{\"@type\":\"WebPage\",\"@id\":\"https:\/\/caritas.no\/rettshjelp\/skatt-skattekort-og-skattemelding\/\",\"url\":\"https:\/\/caritas.no\/rettshjelp\/skatt-skattekort-og-skattemelding\/\",\"name\":\"Skatt, skattekort og skattemelding - Caritas Rettshjelp\",\"isPartOf\":{\"@id\":\"https:\/\/caritas.no\/rettshjelp\/#website\"},\"primaryImageOfPage\":{\"@id\":\"https:\/\/caritas.no\/rettshjelp\/skatt-skattekort-og-skattemelding\/#primaryimage\"},\"image\":{\"@id\":\"https:\/\/caritas.no\/rettshjelp\/skatt-skattekort-og-skattemelding\/#primaryimage\"},\"thumbnailUrl\":\"https:\/\/caritas.no\/content\/uploads\/sites\/2\/2025\/03\/Bilder-til-nett-2-1024x768.png\",\"datePublished\":\"2025-02-21T08:47:49+00:00\",\"dateModified\":\"2025-03-06T13:46:43+00:00\",\"breadcrumb\":{\"@id\":\"https:\/\/caritas.no\/rettshjelp\/skatt-skattekort-og-skattemelding\/#breadcrumb\"},\"inLanguage\":\"nb-NO\",\"potentialAction\":[{\"@type\":\"ReadAction\",\"target\":[\"https:\/\/caritas.no\/rettshjelp\/skatt-skattekort-og-skattemelding\/\"]}]},{\"@type\":\"ImageObject\",\"inLanguage\":\"nb-NO\",\"@id\":\"https:\/\/caritas.no\/rettshjelp\/skatt-skattekort-og-skattemelding\/#primaryimage\",\"url\":\"https:\/\/caritas.no\/content\/uploads\/sites\/2\/2025\/03\/Bilder-til-nett-2-1024x768.png\",\"contentUrl\":\"https:\/\/caritas.no\/content\/uploads\/sites\/2\/2025\/03\/Bilder-til-nett-2-1024x768.png\"},{\"@type\":\"BreadcrumbList\",\"@id\":\"https:\/\/caritas.no\/rettshjelp\/skatt-skattekort-og-skattemelding\/#breadcrumb\",\"itemListElement\":[{\"@type\":\"ListItem\",\"position\":1,\"name\":\"Hjem\",\"item\":\"https:\/\/caritas.no\/rettshjelp\/\"},{\"@type\":\"ListItem\",\"position\":2,\"name\":\"Skatt, skattekort og skattemelding\"}]},{\"@type\":\"WebSite\",\"@id\":\"https:\/\/caritas.no\/rettshjelp\/#website\",\"url\":\"https:\/\/caritas.no\/rettshjelp\/\",\"name\":\"Caritas Rettshjelp\",\"description\":\"Vi er en humanit\u00e6r organisasjon som arbeider for \u00e5 bedre hverdagen til mennesker i Norge, samt land i Europa, Afrika, Asia og Latin-Amerika.\",\"potentialAction\":[{\"@type\":\"SearchAction\",\"target\":{\"@type\":\"EntryPoint\",\"urlTemplate\":\"https:\/\/caritas.no\/rettshjelp\/?s={search_term_string}\"},\"query-input\":\"required name=search_term_string\"}],\"inLanguage\":\"nb-NO\"}]}<\/script>\n<!-- \/ Yoast SEO plugin. -->","yoast_head_json":{"title":"Skatt, skattekort og skattemelding - Caritas Rettshjelp","robots":{"index":"index","follow":"follow","max-snippet":"max-snippet:-1","max-image-preview":"max-image-preview:large","max-video-preview":"max-video-preview:-1"},"canonical":"https:\/\/caritas.no\/rettshjelp\/skatt-skattekort-og-skattemelding\/","og_locale":"nb_NO","og_type":"article","og_title":"Skatt, skattekort og skattemelding - Caritas Rettshjelp","og_description":"Skatt, skattekort og skattemelding Her finner du nyttig informasjon om skattemelding og skatteoppgj\u00f8r Ordin\u00e6r skatt Ordin\u00e6r skatt i Norge blir [&hellip;]","og_url":"https:\/\/caritas.no\/rettshjelp\/skatt-skattekort-og-skattemelding\/","og_site_name":"Caritas Rettshjelp","article_modified_time":"2025-03-06T13:46:43+00:00","og_image":[{"url":"https:\/\/caritas.no\/content\/uploads\/sites\/2\/2025\/03\/Bilder-til-nett-2-1024x768.png"}],"twitter_card":"summary_large_image","twitter_misc":{"Ansl. lesetid":"2 minutter"},"schema":{"@context":"https:\/\/schema.org","@graph":[{"@type":"WebPage","@id":"https:\/\/caritas.no\/rettshjelp\/skatt-skattekort-og-skattemelding\/","url":"https:\/\/caritas.no\/rettshjelp\/skatt-skattekort-og-skattemelding\/","name":"Skatt, skattekort og skattemelding - Caritas Rettshjelp","isPartOf":{"@id":"https:\/\/caritas.no\/rettshjelp\/#website"},"primaryImageOfPage":{"@id":"https:\/\/caritas.no\/rettshjelp\/skatt-skattekort-og-skattemelding\/#primaryimage"},"image":{"@id":"https:\/\/caritas.no\/rettshjelp\/skatt-skattekort-og-skattemelding\/#primaryimage"},"thumbnailUrl":"https:\/\/caritas.no\/content\/uploads\/sites\/2\/2025\/03\/Bilder-til-nett-2-1024x768.png","datePublished":"2025-02-21T08:47:49+00:00","dateModified":"2025-03-06T13:46:43+00:00","breadcrumb":{"@id":"https:\/\/caritas.no\/rettshjelp\/skatt-skattekort-og-skattemelding\/#breadcrumb"},"inLanguage":"nb-NO","potentialAction":[{"@type":"ReadAction","target":["https:\/\/caritas.no\/rettshjelp\/skatt-skattekort-og-skattemelding\/"]}]},{"@type":"ImageObject","inLanguage":"nb-NO","@id":"https:\/\/caritas.no\/rettshjelp\/skatt-skattekort-og-skattemelding\/#primaryimage","url":"https:\/\/caritas.no\/content\/uploads\/sites\/2\/2025\/03\/Bilder-til-nett-2-1024x768.png","contentUrl":"https:\/\/caritas.no\/content\/uploads\/sites\/2\/2025\/03\/Bilder-til-nett-2-1024x768.png"},{"@type":"BreadcrumbList","@id":"https:\/\/caritas.no\/rettshjelp\/skatt-skattekort-og-skattemelding\/#breadcrumb","itemListElement":[{"@type":"ListItem","position":1,"name":"Hjem","item":"https:\/\/caritas.no\/rettshjelp\/"},{"@type":"ListItem","position":2,"name":"Skatt, skattekort og skattemelding"}]},{"@type":"WebSite","@id":"https:\/\/caritas.no\/rettshjelp\/#website","url":"https:\/\/caritas.no\/rettshjelp\/","name":"Caritas Rettshjelp","description":"Vi er en humanit\u00e6r organisasjon som arbeider for \u00e5 bedre hverdagen til mennesker i Norge, samt land i Europa, Afrika, Asia og Latin-Amerika.","potentialAction":[{"@type":"SearchAction","target":{"@type":"EntryPoint","urlTemplate":"https:\/\/caritas.no\/rettshjelp\/?s={search_term_string}"},"query-input":"required name=search_term_string"}],"inLanguage":"nb-NO"}]}},"_links":{"self":[{"href":"https:\/\/caritas.no\/rettshjelp\/wp-json\/wp\/v2\/pages\/24"}],"collection":[{"href":"https:\/\/caritas.no\/rettshjelp\/wp-json\/wp\/v2\/pages"}],"about":[{"href":"https:\/\/caritas.no\/rettshjelp\/wp-json\/wp\/v2\/types\/page"}],"author":[{"embeddable":true,"href":"https:\/\/caritas.no\/rettshjelp\/wp-json\/wp\/v2\/users\/1"}],"replies":[{"embeddable":true,"href":"https:\/\/caritas.no\/rettshjelp\/wp-json\/wp\/v2\/comments?post=24"}],"version-history":[{"count":3,"href":"https:\/\/caritas.no\/rettshjelp\/wp-json\/wp\/v2\/pages\/24\/revisions"}],"predecessor-version":[{"id":44,"href":"https:\/\/caritas.no\/rettshjelp\/wp-json\/wp\/v2\/pages\/24\/revisions\/44"}],"wp:attachment":[{"href":"https:\/\/caritas.no\/rettshjelp\/wp-json\/wp\/v2\/media?parent=24"}],"curies":[{"name":"wp","href":"https:\/\/api.w.org\/{rel}","templated":true}]}}