{"id":22,"date":"2025-02-21T09:46:39","date_gmt":"2025-02-21T08:46:39","guid":{"rendered":"https:\/\/caritas.no\/ny-rettshjelp\/?page_id=22"},"modified":"2025-03-06T14:35:26","modified_gmt":"2025-03-06T13:35:26","slug":"oppholdstillatelse-og-registrering","status":"publish","type":"page","link":"https:\/\/caritas.no\/rettshjelp\/oppholdstillatelse-og-registrering\/","title":{"rendered":"Oppholdstillatelse og registrering"},"content":{"rendered":"\n<h2 class=\"wp-block-heading has-text-align-center\"><strong>Oppholdstillatelse og registrering<\/strong><\/h2>\n\n\n\n<div class=\"wp-block-media-text is-stacked-on-mobile  \"><figure class=\"wp-block-media-text__media\"><img loading=\"lazy\" decoding=\"async\" width=\"605\" height=\"567\" src=\"https:\/\/caritas.no\/content\/uploads\/sites\/2\/2025\/03\/Jordkloden.jpg\" alt=\"Tegning av jordkloden\" class=\"wp-image-40 size-full\" srcset=\"https:\/\/caritas.no\/content\/uploads\/sites\/2\/2025\/03\/Jordkloden.jpg 605w, https:\/\/caritas.no\/content\/uploads\/sites\/2\/2025\/03\/Jordkloden-300x281.jpg 300w\" sizes=\"(max-width: 605px) 100vw, 605px\" \/><\/figure><div class=\"wp-block-media-text__content\">\n<h2 class=\"wp-block-heading\"><div class=\"has-limited-width\">Her finner du nyttig informasjon for deg som er fra EU, E\u00d8S-land og land utenfor Europa. <\/div><\/h2>\n<\/div><\/div>\n\n\n\n<h3 class=\"wp-block-heading\"><a href=\"https:\/\/www.sua.no\/huskeliste-eu-eos\/\" target=\"_blank\" rel=\"noreferrer noopener\"><\/a><a href=\"https:\/\/www.sua.no\/huskeliste-eu-eos\/\" target=\"_blank\" rel=\"noreferrer noopener\">Arbeidstakere fra EU E\u00d8S land<\/a><\/h3>\n\n\n\n<ul class=\"wp-block-list\">\n<li><strong>Registreringsbevis<\/strong><br>Du m\u00e5 ha et registreringsbevis <br>Hvis du skal v\u00e6re i Norge mer enn 3 m\u00e5neder, m\u00e5 du registrere deg og f\u00e5 et registreringsbevis fra politiet<\/li>\n\n\n\n<li><strong>Skattekort<\/strong><br>Du m\u00e5 ha et skattekort <br>Et skattekort viser arbeidsgiveren din hvor mye skatt som skal trekkes av l\u00f8nnen din. For \u00e5 f\u00e5 skattekort for f\u00f8rste gang m\u00e5 du bestille time hos Skatteetaten. N\u00e5r s\u00f8knaden om skattekort er behandlet, f\u00e5r du et brev som viser hvor mye skatt du skal betale. Arbeidsgiveren din henter skattekortet ditt p\u00e5 nett.<br>Hvis du ikke automatisk f\u00e5r nytt skattekort neste \u00e5r, m\u00e5 du s\u00f8ke om skattekort p\u00e5 nett.<\/li>\n\n\n\n<li><strong>Melde flytting<\/strong> <br>Du m\u00e5 melde flytting<br>Hvis du skal v\u00e6re i Norge mer enn 6 m\u00e5neder, m\u00e5 du melde flytting n\u00e5r du m\u00f8ter opp til timen din hos Skatteetaten. Hvis meldingen om flytting blir godkjent, blir du registrert som bosatt i Norge og f\u00e5r et f\u00f8dselsnummer i posten.<\/li>\n\n\n\n<li><strong>Identitetsnummer<\/strong><br>Du m\u00e5 ha et identitetsnummer. <br>Alle som jobber i Norge, m\u00e5 ha et norsk identitetsnummer (d-nummer eller f\u00f8dselsnummer).<br>Hvis du skal v\u00e6re i Norge mindre enn 6 m\u00e5neder, f\u00e5r du et d-nummer n\u00e5r du s\u00f8ker om skattekort. Hvis du skal v\u00e6re i Norge mer enn 6 m\u00e5neder og blir registrert som bosatt, f\u00e5r du et f\u00f8dselsnummer i posten.<\/li>\n\n\n\n<li><strong>Betale skatt<\/strong><br>Du m\u00e5 velge hvordan du vil betale skatt<br>Som utenlandsk arbeidstaker i Norge, kan du velge mellom to ulike m\u00e5ter \u00e5 betale skatt p\u00e5: <strong>forenklet skatteordning<\/strong> og <strong>ordin\u00e6r skatteordning<\/strong>. Det kan v\u00e6re stor forskjell p\u00e5 hvor mye skatt du m\u00e5 betale i de to skatteordningene. Du m\u00e5 selv sjekke hvilken m\u00e5te som l\u00f8nner seg for deg.<\/li>\n\n\n\n<li><strong>Elektronisk bruker<\/strong> <br>Du b\u00f8r bli elektronisk bruker<br>\u00c5 v\u00e6re elektronisk bruker vil si at du kan logge deg inn p\u00e5 offentlige nettsider for \u00e5 bruke deres tjenester. Du kan blant annet sjekke skattemeldingen, endre adresse og bestille attester p\u00e5 nett. Du f\u00e5r ogs\u00e5 skattemelding og skatteoppgj\u00f8r raskere. Hvis du skal v\u00e6re i Norge mindre enn 6 m\u00e5neder, f\u00e5r du hjelp til \u00e5 bli elektronisk bruker n\u00e5r du m\u00f8ter hos Skatteetaten for \u00e5 s\u00f8ke om skattekort. Hvis du skal v\u00e6re i Norge mer enn 6 m\u00e5neder, m\u00e5 du selv bli elektronisk bruker etter at du har f\u00e5tt f\u00f8dselsnummeret ditt i posten. Ikke del innloggingsinformasjon med andre<\/li>\n<\/ul>\n\n\n\n<h3 class=\"wp-block-heading\"><a href=\"https:\/\/www.sua.no\/huskeliste-utenfor-eu-eos\/\" target=\"_blank\" rel=\"noreferrer noopener\">Arbeidstakere fra land utenfor EU E\u00d8S<\/a><\/h3>\n\n\n\n<ul class=\"wp-block-list\">\n<li><strong>Identitetsnummer<\/strong> <br>Alle som jobber i Norge, m\u00e5 ha et norsk identitetsnummer (d-nummer eller f\u00f8dselsnummer). N\u00e5r du f\u00e5r oppholdstillatelse, gir UDI beskjed til Skatteetaten om at du trenger et identitetsnummer.<br>Hvis du skal v\u00e6re i Norge mindre enn 6 m\u00e5neder, f\u00e5r du et d-nummer i posten.<br>Hvis du skal v\u00e6re i Norge mer enn 6 m\u00e5neder, vil Skatteetaten vurdere om du skal registreres som bosatt i Norge, basert p\u00e5 hvilken type oppholdstillatelse du har. Hvis du blir registrert som bosatt, f\u00e5r du et f\u00f8dselsnummer i posten.<\/li>\n\n\n\n<li><strong>Elektronisk bruker<\/strong> <br>\u00c5 v\u00e6re elektronisk bruker vil si at du kan logge deg inn p\u00e5 offentlige nettsider for \u00e5 bruke deres tjenester. Du kan blant annet sjekke skattemeldingen, endre adresse og bestille attester p\u00e5 nett. Du f\u00e5r ogs\u00e5 skattemelding og skatteoppgj\u00f8r raskere. Hvis du skal v\u00e6re i Norge mindre enn 6 m\u00e5neder, f\u00e5r du hjelp til \u00e5 bli elektronisk bruker n\u00e5r du m\u00f8ter hos Skatteetaten for \u00e5 s\u00f8ke om skattekort. Hvis du skal v\u00e6re i Norge mer enn 6 m\u00e5neder, m\u00e5 du selv bli elektronisk bruker etter at du har f\u00e5tt f\u00f8dselsnummeret ditt i posten. Ikke del innloggingsinformasjon med andre<\/li>\n\n\n\n<li><strong>Skattekort <\/strong><br>Et skattekort viser arbeidsgiveren din hvor mye skatt som skal trekkes av l\u00f8nnen din. N\u00e5r du har f\u00f8dselsnummer eller d-nummer, kan du bli elektronisk bruker og s\u00f8ke om skattekort p\u00e5 nett. Du kan ogs\u00e5 be arbeidsgiveren din om \u00e5 s\u00f8ke om skattekort for deg p\u00e5 nett.<br>N\u00e5r s\u00f8knaden om skattekort er behandlet, f\u00e5r du et brev som viser hvor mye skatt du skal betale. Arbeidsgiveren din henter skattekortet ditt p\u00e5 nett. Hvis du ikke automatisk f\u00e5r nytt skattekort neste \u00e5r, m\u00e5 du s\u00f8ke om det.<\/li>\n\n\n\n<li><strong>Betale skatt<\/strong><br>Som utenlandsk arbeidstaker i Norge, kan du velge mellom to ulike m\u00e5ter \u00e5 betale skatt p\u00e5: <strong>forenklet skatteordning<\/strong> og <strong>ordin\u00e6r skatteordning<\/strong>. Det kan v\u00e6re stor forskjell p\u00e5 hvor mye skatt du m\u00e5 betale i de to skatteordningene. Du m\u00e5 selv sjekke hvilken m\u00e5te som l\u00f8nner seg for deg.<\/li>\n<\/ul>\n","protected":false},"excerpt":{"rendered":"<p>Oppholdstillatelse og registrering Her finner du nyttig informasjon for deg som er fra EU, E\u00d8S-land og land utenfor Europa. Arbeidstakere [&hellip;]<\/p>\n","protected":false},"author":1,"featured_media":0,"parent":0,"menu_order":0,"comment_status":"closed","ping_status":"closed","template":"","meta":{"footnotes":""},"yoast_head":"<!-- This site is optimized with the Yoast SEO plugin v22.9 - https:\/\/yoast.com\/wordpress\/plugins\/seo\/ -->\n<title>Oppholdstillatelse og registrering - Caritas Rettshjelp<\/title>\n<meta name=\"robots\" content=\"index, follow, max-snippet:-1, max-image-preview:large, max-video-preview:-1\" \/>\n<link rel=\"canonical\" href=\"https:\/\/caritas.no\/rettshjelp\/oppholdstillatelse-og-registrering\/\" \/>\n<meta property=\"og:locale\" content=\"nb_NO\" \/>\n<meta property=\"og:type\" content=\"article\" \/>\n<meta property=\"og:title\" content=\"Oppholdstillatelse og registrering - Caritas Rettshjelp\" \/>\n<meta property=\"og:description\" content=\"Oppholdstillatelse og registrering Her finner du nyttig informasjon for deg som er fra EU, E\u00d8S-land og land utenfor Europa. Arbeidstakere [&hellip;]\" \/>\n<meta property=\"og:url\" content=\"https:\/\/caritas.no\/rettshjelp\/oppholdstillatelse-og-registrering\/\" \/>\n<meta property=\"og:site_name\" content=\"Caritas Rettshjelp\" \/>\n<meta property=\"article:modified_time\" content=\"2025-03-06T13:35:26+00:00\" \/>\n<meta property=\"og:image\" content=\"https:\/\/caritas.no\/content\/uploads\/sites\/2\/2025\/03\/Jordkloden.jpg\" \/>\n<meta name=\"twitter:card\" content=\"summary_large_image\" \/>\n<meta name=\"twitter:label1\" content=\"Ansl. lesetid\" \/>\n\t<meta name=\"twitter:data1\" content=\"5 minutter\" \/>\n<script type=\"application\/ld+json\" class=\"yoast-schema-graph\">{\"@context\":\"https:\/\/schema.org\",\"@graph\":[{\"@type\":\"WebPage\",\"@id\":\"https:\/\/caritas.no\/rettshjelp\/oppholdstillatelse-og-registrering\/\",\"url\":\"https:\/\/caritas.no\/rettshjelp\/oppholdstillatelse-og-registrering\/\",\"name\":\"Oppholdstillatelse og registrering - Caritas Rettshjelp\",\"isPartOf\":{\"@id\":\"https:\/\/caritas.no\/rettshjelp\/#website\"},\"primaryImageOfPage\":{\"@id\":\"https:\/\/caritas.no\/rettshjelp\/oppholdstillatelse-og-registrering\/#primaryimage\"},\"image\":{\"@id\":\"https:\/\/caritas.no\/rettshjelp\/oppholdstillatelse-og-registrering\/#primaryimage\"},\"thumbnailUrl\":\"https:\/\/caritas.no\/content\/uploads\/sites\/2\/2025\/03\/Jordkloden.jpg\",\"datePublished\":\"2025-02-21T08:46:39+00:00\",\"dateModified\":\"2025-03-06T13:35:26+00:00\",\"breadcrumb\":{\"@id\":\"https:\/\/caritas.no\/rettshjelp\/oppholdstillatelse-og-registrering\/#breadcrumb\"},\"inLanguage\":\"nb-NO\",\"potentialAction\":[{\"@type\":\"ReadAction\",\"target\":[\"https:\/\/caritas.no\/rettshjelp\/oppholdstillatelse-og-registrering\/\"]}]},{\"@type\":\"ImageObject\",\"inLanguage\":\"nb-NO\",\"@id\":\"https:\/\/caritas.no\/rettshjelp\/oppholdstillatelse-og-registrering\/#primaryimage\",\"url\":\"https:\/\/caritas.no\/content\/uploads\/sites\/2\/2025\/03\/Jordkloden.jpg\",\"contentUrl\":\"https:\/\/caritas.no\/content\/uploads\/sites\/2\/2025\/03\/Jordkloden.jpg\"},{\"@type\":\"BreadcrumbList\",\"@id\":\"https:\/\/caritas.no\/rettshjelp\/oppholdstillatelse-og-registrering\/#breadcrumb\",\"itemListElement\":[{\"@type\":\"ListItem\",\"position\":1,\"name\":\"Hjem\",\"item\":\"https:\/\/caritas.no\/rettshjelp\/\"},{\"@type\":\"ListItem\",\"position\":2,\"name\":\"Oppholdstillatelse og registrering\"}]},{\"@type\":\"WebSite\",\"@id\":\"https:\/\/caritas.no\/rettshjelp\/#website\",\"url\":\"https:\/\/caritas.no\/rettshjelp\/\",\"name\":\"Caritas Rettshjelp\",\"description\":\"Vi er en humanit\u00e6r organisasjon som arbeider for \u00e5 bedre hverdagen til mennesker i Norge, samt land i Europa, Afrika, Asia og Latin-Amerika.\",\"potentialAction\":[{\"@type\":\"SearchAction\",\"target\":{\"@type\":\"EntryPoint\",\"urlTemplate\":\"https:\/\/caritas.no\/rettshjelp\/?s={search_term_string}\"},\"query-input\":\"required name=search_term_string\"}],\"inLanguage\":\"nb-NO\"}]}<\/script>\n<!-- \/ Yoast SEO plugin. -->","yoast_head_json":{"title":"Oppholdstillatelse og registrering - Caritas Rettshjelp","robots":{"index":"index","follow":"follow","max-snippet":"max-snippet:-1","max-image-preview":"max-image-preview:large","max-video-preview":"max-video-preview:-1"},"canonical":"https:\/\/caritas.no\/rettshjelp\/oppholdstillatelse-og-registrering\/","og_locale":"nb_NO","og_type":"article","og_title":"Oppholdstillatelse og registrering - Caritas Rettshjelp","og_description":"Oppholdstillatelse og registrering Her finner du nyttig informasjon for deg som er fra EU, E\u00d8S-land og land utenfor Europa. Arbeidstakere [&hellip;]","og_url":"https:\/\/caritas.no\/rettshjelp\/oppholdstillatelse-og-registrering\/","og_site_name":"Caritas Rettshjelp","article_modified_time":"2025-03-06T13:35:26+00:00","og_image":[{"url":"https:\/\/caritas.no\/content\/uploads\/sites\/2\/2025\/03\/Jordkloden.jpg"}],"twitter_card":"summary_large_image","twitter_misc":{"Ansl. lesetid":"5 minutter"},"schema":{"@context":"https:\/\/schema.org","@graph":[{"@type":"WebPage","@id":"https:\/\/caritas.no\/rettshjelp\/oppholdstillatelse-og-registrering\/","url":"https:\/\/caritas.no\/rettshjelp\/oppholdstillatelse-og-registrering\/","name":"Oppholdstillatelse og registrering - Caritas Rettshjelp","isPartOf":{"@id":"https:\/\/caritas.no\/rettshjelp\/#website"},"primaryImageOfPage":{"@id":"https:\/\/caritas.no\/rettshjelp\/oppholdstillatelse-og-registrering\/#primaryimage"},"image":{"@id":"https:\/\/caritas.no\/rettshjelp\/oppholdstillatelse-og-registrering\/#primaryimage"},"thumbnailUrl":"https:\/\/caritas.no\/content\/uploads\/sites\/2\/2025\/03\/Jordkloden.jpg","datePublished":"2025-02-21T08:46:39+00:00","dateModified":"2025-03-06T13:35:26+00:00","breadcrumb":{"@id":"https:\/\/caritas.no\/rettshjelp\/oppholdstillatelse-og-registrering\/#breadcrumb"},"inLanguage":"nb-NO","potentialAction":[{"@type":"ReadAction","target":["https:\/\/caritas.no\/rettshjelp\/oppholdstillatelse-og-registrering\/"]}]},{"@type":"ImageObject","inLanguage":"nb-NO","@id":"https:\/\/caritas.no\/rettshjelp\/oppholdstillatelse-og-registrering\/#primaryimage","url":"https:\/\/caritas.no\/content\/uploads\/sites\/2\/2025\/03\/Jordkloden.jpg","contentUrl":"https:\/\/caritas.no\/content\/uploads\/sites\/2\/2025\/03\/Jordkloden.jpg"},{"@type":"BreadcrumbList","@id":"https:\/\/caritas.no\/rettshjelp\/oppholdstillatelse-og-registrering\/#breadcrumb","itemListElement":[{"@type":"ListItem","position":1,"name":"Hjem","item":"https:\/\/caritas.no\/rettshjelp\/"},{"@type":"ListItem","position":2,"name":"Oppholdstillatelse og registrering"}]},{"@type":"WebSite","@id":"https:\/\/caritas.no\/rettshjelp\/#website","url":"https:\/\/caritas.no\/rettshjelp\/","name":"Caritas Rettshjelp","description":"Vi er en humanit\u00e6r organisasjon som arbeider for \u00e5 bedre hverdagen til mennesker i Norge, samt land i Europa, Afrika, Asia og Latin-Amerika.","potentialAction":[{"@type":"SearchAction","target":{"@type":"EntryPoint","urlTemplate":"https:\/\/caritas.no\/rettshjelp\/?s={search_term_string}"},"query-input":"required name=search_term_string"}],"inLanguage":"nb-NO"}]}},"_links":{"self":[{"href":"https:\/\/caritas.no\/rettshjelp\/wp-json\/wp\/v2\/pages\/22"}],"collection":[{"href":"https:\/\/caritas.no\/rettshjelp\/wp-json\/wp\/v2\/pages"}],"about":[{"href":"https:\/\/caritas.no\/rettshjelp\/wp-json\/wp\/v2\/types\/page"}],"author":[{"embeddable":true,"href":"https:\/\/caritas.no\/rettshjelp\/wp-json\/wp\/v2\/users\/1"}],"replies":[{"embeddable":true,"href":"https:\/\/caritas.no\/rettshjelp\/wp-json\/wp\/v2\/comments?post=22"}],"version-history":[{"count":2,"href":"https:\/\/caritas.no\/rettshjelp\/wp-json\/wp\/v2\/pages\/22\/revisions"}],"predecessor-version":[{"id":41,"href":"https:\/\/caritas.no\/rettshjelp\/wp-json\/wp\/v2\/pages\/22\/revisions\/41"}],"wp:attachment":[{"href":"https:\/\/caritas.no\/rettshjelp\/wp-json\/wp\/v2\/media?parent=22"}],"curies":[{"name":"wp","href":"https:\/\/api.w.org\/{rel}","templated":true}]}}